{"id":3,"date":"2020-05-30T17:17:38","date_gmt":"2020-05-30T15:17:38","guid":{"rendered":"http:\/\/www.lepilote-restaurant.fr\/1\/?page_id=3"},"modified":"2022-11-28T09:53:43","modified_gmt":"2022-11-28T08:53:43","slug":"politique-de-confidentialite","status":"publish","type":"page","link":"https:\/\/www.lepilote-restaurant.fr\/1\/politique-de-confidentialite\/","title":{"rendered":"Politique de confidentialit\u00e9"},"content":{"rendered":"<div id='av_section_1'  class='avia-section main_color avia-section-small avia-no-border-styling  avia-bg-style-scroll  avia-builder-el-0  el_before_av_codeblock  avia-builder-el-first   container_wrap fullsize' style='background-color: #342f29;  '  ><div class='container' ><main  role=\"main\" itemprop=\"mainContentOfPage\"  class='template-page content  av-content-full alpha units'><div class='post-entry post-entry-type-page post-entry-3'><div class='entry-content-wrapper clearfix'>\n<section class=\"av_textblock_section \"  itemscope=\"itemscope\" itemtype=\"https:\/\/schema.org\/CreativeWork\" ><div class='avia_textblock privacy av_inherit_color '  style='color:#ffffff; '  itemprop=\"text\" ><h2>Qui sommes-nous ?<\/h2>\n<p><strong><a href=\"https:\/\/lepilote-restaurant.fr\">lepilote-restaurant.fr<\/a><\/strong> est le site officiel de la soci\u00e9t\u00e9 EFFEGE SAS &#8211; Le Pilote, restaurant-brasserie \u00e9thique favorisant les approvisionnement en circuits courts.<\/p>\n<p>Veuillez consulter <a href=\"https:\/\/www.lepilote-restaurant.fr\/1\/mentions-legales\/\">nos mentions l\u00e9gales.<\/a> pour plus d&rsquo;informations.<\/p>\n<h2>D\u00e9finitions<\/h2>\n<p><strong>Visiteur :<\/strong> Tout professionnel ou personne physique capable au sens des articles 1123 et suivants du Code civil, ou personne morale, qui visite le Site objet des pr\u00e9sentes conditions g\u00e9n\u00e9rales.<\/p>\n<p><strong> Prestations et Services :<\/strong> <a href=\"https:\/\/lepilote-restaurant.fr\">lepilote-restaurant.fr<\/a> met \u00e0 disposition des visiteurs : Informations commerciales sur son \u00e9tablissement.<\/p>\n<p><strong>Contenu :<\/strong> Ensemble des \u00e9l\u00e9ments constituants l\u2019information pr\u00e9sente sur le Site, notamment textes \u2013 images \u2013 vid\u00e9os &#8211; documents en t\u00e9l\u00e9chargement.<\/p>\n<p><strong>Informations clients :<\/strong> Ci-apr\u00e8s d\u00e9nomm\u00e9 \u00abInformation(s)\u00bb qui correspondent \u00e0 l\u2019ensemble des donn\u00e9es personnelles susceptibles d\u2019\u00eatre d\u00e9tenues par\u00a0EFFEGE SAS &#8211; Le Pilote pour la gestion de votre compte, de la gestion de la relation client et \u00e0 des fin d\u2019analyses et de statistiques.<\/p>\n<p><strong>Utilisateur :<\/strong> Internaute se connectant, utilisant le site susnomm\u00e9.<\/p>\n<p><strong>Donn\u00e9es Personnelles :<\/strong> \u00ab Les informations qui permettent, sous quelque forme que ce soit, directement ou non, l&rsquo;identification des personnes physiques auxquelles elles s&rsquo;appliquent \u00bb (article 4 de la loi n\u00b0 78-17 du 6 janvier 1978).<\/p>\n<p>Les termes \u00abdonn\u00e9es \u00e0 caract\u00e8re personnel\u00bb, \u00abpersonne concern\u00e9e\u00bb, \u00absous traitant\u00bb et \u00abdonn\u00e9es sensibles\u00bb ont le sens d\u00e9fini par le R\u00e8glement G\u00e9n\u00e9ral sur la Protection des Donn\u00e9es (RGPD : n\u00b0 2016-679).<\/p>\n<h2>Collecte, utilisation et transmission de vos donn\u00e9es personnelles<\/h2>\n<h3>Gestion des Donn\u00e9es Personnelles.<\/h3>\n<p>Le visiteur est inform\u00e9 des r\u00e9glementations concernant la communication marketing, la loi du 21 Juin 2014 pour la confiance dans l&rsquo;\u00e9conomie num\u00e9rique, la Loi Informatique et Libert\u00e9 du 06 Ao\u00fbt 2004 ainsi que du R\u00e8glement G\u00e9n\u00e9ral sur la Protection des Donn\u00e9es (RGPD : n\u00b0 2016-679).<\/p>\n<h3>M\u00e9dias<\/h3>\n<p>Si vous \u00eates un utilisateur ou une utilisatrice enregistr\u00e9\u00b7e et que vous t\u00e9l\u00e9versez des images sur le site web, nous vous conseillons d\u2019\u00e9viter de t\u00e9l\u00e9verser des images contenant des donn\u00e9es EXIF de coordonn\u00e9es GPS. Les visiteurs de votre site web peuvent t\u00e9l\u00e9charger et extraire des donn\u00e9es de localisation depuis ces images.<\/p>\n<h3>Formulaires de contact et d&rsquo;abonnement<\/h3>\n<p>Les informations recueillies dans le formulaire de contact (nom, pr\u00e9nom, adresse postale, t\u00e9l\u00e9phone, adresse de courrier \u00e9lectronique, etc.) sont destin\u00e9es exclusivement \u00e0 un usage professionnel et sont utilis\u00e9es dans l&rsquo;unique but de traiter votre demande et\/ou de vous r\u00e9pondre.<\/p>\n<p>Elles ne feront l&rsquo;objet d&rsquo;une communication ext\u00e9rieure que pour satisfaire aux obligations l\u00e9gales r\u00e9glementaires.<\/p>\n<p>Si vous soumettez un formulaire d\u2019abonnement sur notre site, vous nous autoriserez \u00e0 enregistrer votre nom, votre adresse \u00e9lectronique et d\u2019autres informations pertinentes.<\/p>\n<p>Ces abonnements sont utilis\u00e9s pour vous informer du contenu associ\u00e9, des remises et autres offres sp\u00e9ciales.<\/p>\n<p>Vous pouvez choisir de vous d\u00e9sabonner \u00e0 tout moment \u00e0 l&rsquo;avenir en cliquant sur le lien au bas de chaque email.<\/p>\n<h3>Lettres d&rsquo;information<\/h3>\n<p>Les informations sur les abonn\u00e9s sont conserv\u00e9es ind\u00e9finiment dans la base de donn\u00e9es locale \u00e0 des fins de suivi analytique et d&rsquo;exportation future.<\/p>\n<p>Les donn\u00e9es seront export\u00e9es ou supprim\u00e9es \u00e0 la demande de l&rsquo;utilisateur.<\/p>\n<h2>Liens hypertextes \u00ab cookies \u00bb et balises (\u201ctags\u201d) internet<\/h2>\n<p>Le site <a href=\"https:\/\/lepilote-restaurant.fr\">lepilote-restaurant.fr<\/a> contient un certain nombre de liens hypertextes vers d\u2019autres sites, mis en place avec autorisation.<br \/>\nCependant, EFFEGE SAS &#8211; Le Pilote n\u2019a pas la possibilit\u00e9 de v\u00e9rifier le contenu des sites ainsi visit\u00e9s et n\u2019assumera en cons\u00e9quence aucune responsabilit\u00e9 de ce fait.<\/p>\n<p>Sauf si vous d\u00e9cidez de d\u00e9sactiver les cookies, vous acceptez que le site puisse les utiliser. Vous pouvez \u00e0 tout moment d\u00e9sactiver ces cookies et ce gratuitement \u00e0 partir des possibilit\u00e9s de d\u00e9sactivation qui vous sont offertes et rappel\u00e9es ci-apr\u00e8s, sachant que cela peut r\u00e9duire ou emp\u00eacher l\u2019accessibilit\u00e9 \u00e0 tout ou partie des Services propos\u00e9s par le site.<\/p>\n<h3>Cookies<\/h3>\n<p>Un cookie est un petit fichier d\u2019information envoy\u00e9 sur le navigateur de l\u2019Utilisateur et enregistr\u00e9 au sein du terminal de l\u2019Utilisateur (ordinateur, smartphone&#8230;).<\/p>\n<p>Ce fichier comprend des informations telles que le nom de domaine de l\u2019Utilisateur, le fournisseur d\u2019acc\u00e8s Internet de l\u2019Utilisateur, le syst\u00e8me d\u2019exploitation de l\u2019Utilisateur, ainsi que la date et l\u2019heure d\u2019acc\u00e8s. Les Cookies ne risquent en aucun cas d\u2019endommager le terminal de l\u2019Utilisateur.<\/p>\n<p><strong>Cookie du pop-up d&rsquo;information :<\/strong><br \/>\nNous utilisons des cookies anonymes pour emp\u00eacher les utilisateurs de voir la m\u00eame fen\u00eatre contextuelle de mani\u00e8re r\u00e9p\u00e9t\u00e9e, dans le but de rendre l&rsquo;exp\u00e9rience de leurs utilisateurs plus agr\u00e9able tout en continuant \u00e0 d\u00e9livrer des messages sensibles au facteur temps.<\/p>\n<p>EFFEGE SAS &#8211; Le Pilote\u00a0est susceptible de traiter les informations de l\u2019Utilisateur concernant sa visite du Site, telles que les pages consult\u00e9es, les recherches effectu\u00e9es. Ces informations permettent \u00e0\u00a0EFFEGE SAS &#8211; Le Pilote d\u2019am\u00e9liorer le contenu du Site, de la navigation de l\u2019Utilisateur.<\/p>\n<p>Les Cookies facilitant la navigation et\/ou la fourniture des services propos\u00e9s par le Site, l\u2019Utilisateur peut configurer son navigateur pour qu\u2019il lui permette de d\u00e9cider s\u2019il souhaite ou non les accepter de mani\u00e8re \u00e0 ce que des Cookies soient enregistr\u00e9s dans le terminal ou, au contraire, qu\u2019ils soient rejet\u00e9s, soit syst\u00e9matiquement, soit selon leur \u00e9metteur. L\u2019Utilisateur peut \u00e9galement configurer son logiciel de navigation de mani\u00e8re \u00e0 ce que l\u2019acceptation ou le refus des Cookies lui soient propos\u00e9s ponctuellement, avant qu\u2019un Cookie soit susceptible d\u2019\u00eatre enregistr\u00e9 dans son terminal. lepilote-restaurant.fr informe l\u2019Utilisateur que, dans ce cas, il se peut que les fonctionnalit\u00e9s de son logiciel de navigation ne soient pas toutes disponibles.<\/p>\n<p>Si l\u2019Utilisateur refuse l\u2019enregistrement de Cookies dans son terminal ou son navigateur, ou si l\u2019Utilisateur supprime ceux qui y sont enregistr\u00e9s, l\u2019Utilisateur est inform\u00e9 que sa navigation et son exp\u00e9rience sur le Site peuvent \u00eatre limit\u00e9es. Cela pourrait \u00e9galement \u00eatre le cas lorsque lepilote-restaurant.fr ou l\u2019un de ses prestataires ne peut pas reconna\u00eetre, \u00e0 des fins de compatibilit\u00e9 technique, le type de navigateur utilis\u00e9 par le terminal, les param\u00e8tres de langue et d\u2019affichage ou le pays depuis lequel le terminal semble connect\u00e9 \u00e0 Internet.<\/p>\n<p>Le cas \u00e9ch\u00e9ant, lepilote-restaurant.fr d\u00e9cline toute responsabilit\u00e9 pour les cons\u00e9quences li\u00e9es au fonctionnement d\u00e9grad\u00e9 du Site et des services \u00e9ventuellement propos\u00e9s par lepilote-restaurant.fr, r\u00e9sultant (i) du refus de Cookies par l\u2019Utilisateur (ii) de l\u2019impossibilit\u00e9 pour lepilote-restaurant.fr d\u2019enregistrer ou de consulter les Cookies n\u00e9cessaires \u00e0 leur fonctionnement du fait du choix de l\u2019Utilisateur. Pour la gestion des Cookies et des choix de l\u2019Utilisateur, la configuration de chaque navigateur est diff\u00e9rente. Elle est d\u00e9crite dans le menu d\u2019aide du navigateur, qui permettra de savoir de quelle mani\u00e8re l\u2019Utilisateur peut modifier ses souhaits en mati\u00e8re de Cookies.<\/p>\n<p>\u00c0 tout moment, l\u2019Utilisateur peut faire le choix d\u2019exprimer et de modifier ses souhaits en mati\u00e8re de Cookies. lepilote-restaurant.fr pourra en outre faire appel aux services de prestataires externes pour l\u2019aider \u00e0 recueillir et traiter les informations d\u00e9crites dans cette section.<\/p>\n<p>Enfin, en cliquant sur les ic\u00f4nes d\u00e9di\u00e9es aux r\u00e9seaux sociaux (Facebook, Instagram) figurant sur lepilote-restaurant.fr et si l\u2019Utilisateur a accept\u00e9 le d\u00e9p\u00f4t de cookies en poursuivant sa navigation sur lepilote-restaurant.fr, Facebook et Instagram peuvent \u00e9galement d\u00e9poser des cookies sur vos terminaux (ordinateur, tablette, t\u00e9l\u00e9phone portable).<\/p>\n<p>Ces types de cookies ne sont d\u00e9pos\u00e9s sur vos terminaux qu\u2019\u00e0 condition que vous y consentiez, en continuant votre navigation sur lepilote-restaurant.fr.<\/p>\n<h3>Contenu embarqu\u00e9 depuis d\u2019autres sites<\/h3>\n<p>Les articles de ce site peuvent inclure des contenus int\u00e9gr\u00e9s, comme le plan d&rsquo;acc\u00e8s Google Maps ou la carte interactive du restaurant.<br \/>\nLe contenu int\u00e9gr\u00e9 depuis d\u2019autres sites se comporte de la m\u00eame mani\u00e8re que si le visiteur se rendait sur cet autre site. Ces sites web pourraient collecter des donn\u00e9es sur vous, utiliser des cookies, embarquer des outils de suivis tiers, suivre vos interactions avec ces contenus embarqu\u00e9s si vous disposez d\u2019un compte connect\u00e9 sur leur site web.<\/p>\n<h3>Balises et \u201ctags\u201d Internet &#8211; Les services tiers qui nous transmettent des donn\u00e9es<\/h3>\n<p><a href=\"https:\/\/lepilote-restaurant.fr\">lepilote-restaurant.fr<\/a> peut employer occasionnellement des balises Internet (\u00e9galement appel\u00e9es \u00abtags\u00bb, ou balises d\u2019action, GIF \u00e0 un pixel, GIF transparents, GIF invisibles et GIF un \u00e0 un) et les d\u00e9ployer par l\u2019interm\u00e9diaire d\u2019un partenaire sp\u00e9cialiste d\u2019analyses Web susceptible de se trouver (et donc de stocker les informations correspondantes, y compris l\u2019adresse IP de l\u2019Utilisateur) dans un pays \u00e9tranger.<\/p>\n<p>Ces balises sont plac\u00e9es \u00e0 la fois dans les publicit\u00e9s en ligne permettant aux internautes d\u2019acc\u00e9der au Site, et sur les diff\u00e9rentes pages de celui-ci.<\/p>\n<p>Cette technologie permet \u00e0\u00a0EFFEGE SAS &#8211; Le Pilote d\u2019\u00e9valuer les r\u00e9ponses des visiteurs face au Site et l\u2019efficacit\u00e9 de ses actions (par exemple, le nombre de fois o\u00f9 une page est ouverte et les informations consult\u00e9es), ainsi que l\u2019utilisation de ce Site par l\u2019Utilisateur.<\/p>\n<p>Le prestataire externe pourra \u00e9ventuellement recueillir des informations sur les visiteurs du Site et d\u2019autres sites internet gr\u00e2ce \u00e0 ces balises, constituer des rapports sur l\u2019activit\u00e9 du Site \u00e0 l\u2019attention de EFFEGE SAS &#8211; Le Pilote, et fournir d\u2019autres services relatifs \u00e0 l\u2019utilisation de celui-ci et d\u2019Internet.<\/p>\n<h3>Statistiques et mesures d\u2019audience<\/h3>\n<p>Nous utilisons la technologie Google Analytics pour la mesure de notre audience.<\/p>\n<h3>Collecte des Donn\u00e9es Personnelles<\/h3>\n<p>En tant que responsable du traitement des donn\u00e9es qu\u2019elle collecte, EFFEGE SAS &#8211; Le Pilote s\u2019engage \u00e0 respecter le cadre des dispositions l\u00e9gales en vigueur. Il lui appartient notamment d\u2019\u00e9tablir les finalit\u00e9s de ses traitements de donn\u00e9es, de fournir \u00e0 ses prospects et clients, \u00e0 partir de la collecte de leurs consentements, une information compl\u00e8te sur le traitement de leurs Donn\u00e9es Personnelles et de maintenir un registre des traitements conforme \u00e0 la r\u00e9alit\u00e9. Chaque fois que EFFEGE SAS &#8211; Le Pilote traite des Donn\u00e9es Personnelles, EFFEGE SAS &#8211; Le Pilote prend toutes les mesures raisonnables pour s\u2019assurer de l\u2019exactitude et de la pertinence de ces Donn\u00e9es Personnelles au regard des finalit\u00e9s pour lesquelles lepilote-restaurant.fr les traite.<\/p>\n<h3>Finalit\u00e9 des donn\u00e9es collect\u00e9es<\/h3>\n<p>EFFEGE SAS &#8211; Le Pilote est susceptible de traiter tout ou partie des donn\u00e9es :<\/p>\n<ul>\n<li>pour permettre la navigation sur le Site<\/li>\n<li>pour pr\u00e9venir et lutter contre la fraude informatique (spamming, hacking\u2026) : mat\u00e9riel informatique utilis\u00e9 pour la navigation, l\u2019adresse IP, le mot de passe (hash\u00e9),<\/li>\n<li>pour am\u00e9liorer la navigation sur le Site : donn\u00e9es de connexion et d\u2019utilisation ,<\/li>\n<li>pour mener des enqu\u00eates de satisfaction facultatives sur lepilote-restaurant.fr : nom et adresse courriel,<\/li>\n<li>pour mener des campagnes de communication (sms, courriel) : nom, num\u00e9ro de t\u00e9l\u00e9phone, adresse courriel.<\/li>\n<\/ul>\n<p>EFFEGE SAS &#8211; Le Pilote\u00a0ne commercialise pas vos donn\u00e9es personnelles qui sont donc uniquement utilis\u00e9es par n\u00e9cessit\u00e9 ou \u00e0 des fins statistiques et d\u2019analyses.<\/p>\n<h2>Dur\u00e9es de stockage de vos donn\u00e9es<\/h2>\n<p>Si vous laissez un commentaire, le commentaire et ses m\u00e9tadonn\u00e9es sont conserv\u00e9s ind\u00e9finiment. Cela permet de reconna\u00eetre et approuver automatiquement les commentaires suivants au lieu de les laisser dans la file de mod\u00e9ration.<\/p>\n<p>Pour les utilisateurs et utilisatrices qui s\u2019enregistrent sur notre site (si cela est possible), nous stockons \u00e9galement les donn\u00e9es personnelles indiqu\u00e9es dans leur profil. Tous les utilisateurs et utilisatrices peuvent voir, modifier ou supprimer leurs informations personnelles \u00e0 tout moment (\u00e0 l\u2019exception de leur nom d\u2019utilisateur\u00b7ice). Les gestionnaires du site peuvent aussi voir et modifier ces informations.<\/p>\n<h2>Les droits que vous avez sur vos donn\u00e9es<\/h2>\n<h3>Droit d\u2019acc\u00e8s, de rectification et d\u2019opposition<\/h3>\n<p>Conform\u00e9ment \u00e0 la r\u00e9glementation europ\u00e9enne en vigueur, les Utilisateurs de lepilote-restaurant.fr disposent des droits suivants :<\/p>\n<ul>\n<li>droit d&rsquo;acc\u00e8s (article 15 RGPD) et de rectification (article 16 RGPD), de mise \u00e0 jour, de compl\u00e9tude des donn\u00e9es des Utilisateurs droit de verrouillage ou d\u2019effacement des donn\u00e9es des Utilisateurs \u00e0 caract\u00e8re personnel (article 17 du RGPD), lorsqu\u2019elles sont inexactes, incompl\u00e8tes, \u00e9quivoques, p\u00e9rim\u00e9es, ou dont la collecte, l&rsquo;utilisation, la communication ou la conservation est interdite,<\/li>\n<li>droit de retirer \u00e0 tout moment un consentement (article 13-2c RGPD),<\/li>\n<li>droit \u00e0 la limitation du traitement des donn\u00e9es des Utilisateurs (article 18 RGPD),<\/li>\n<li>droit d\u2019opposition au traitement des donn\u00e9es des Utilisateurs (article 21 RGPD),<\/li>\n<li>droit \u00e0 la portabilit\u00e9 des donn\u00e9es que les Utilisateurs auront fournies, lorsque ces donn\u00e9es font l\u2019objet de traitements automatis\u00e9s fond\u00e9s sur leur consentement ou sur un contrat (article 20 RGPD),<\/li>\n<li>droit de d\u00e9finir le sort des donn\u00e9es des Utilisateurs apr\u00e8s leur mort et de choisir \u00e0 qui lepilote-restaurant.fr devra communiquer (ou non) ses donn\u00e9es \u00e0 un tiers qu\u2019ils aura pr\u00e9alablement d\u00e9sign\u00e9 .<\/li>\n<\/ul>\n<p>D\u00e8s que<em> EFFEGE SAS &#8211; Le Pilote<\/em> a connaissance du d\u00e9c\u00e8s d\u2019un Utilisateur et \u00e0 d\u00e9faut d\u2019instructions de sa part, lepilote-restaurant.fr s\u2019engage \u00e0 d\u00e9truire ses donn\u00e9es, sauf si leur conservation s\u2019av\u00e8re n\u00e9cessaire \u00e0 des fins probatoires ou pour r\u00e9pondre \u00e0 une obligation l\u00e9gale.<\/p>\n<p>Si l\u2019Utilisateur souhaite savoir comment lepilote-restaurant.fr utilise ses Donn\u00e9es Personnelles, demander \u00e0 les rectifier ou s\u2019oppose \u00e0 leur traitement, l\u2019Utilisateur peut contacter\u00a0EFFEGE SAS &#8211; Le Pilote par \u00e9crit \u00e0 l\u2019adresse suivante :<\/p>\n<p><strong>EFFEGE SAS &#8211; Le Pilote<\/strong> Zone d&rsquo;activi\u00e9 Yellow Parc &#8211; Route Nationale &#8211; Prouvy<\/p>\n<p>Dans ce cas, l\u2019Utilisateur doit indiquer les Donn\u00e9es Personnelles qu\u2019il souhaiterait que lepilote-restaurant.fr corrige, mette \u00e0 jour ou supprime, en s\u2019identifiant pr\u00e9cis\u00e9ment avec une copie d\u2019une pi\u00e8ce d\u2019identit\u00e9 (carte d\u2019identit\u00e9 ou passeport).<\/p>\n<p>Les demandes de suppression de Donn\u00e9es Personnelles seront soumises aux obligations qui sont impos\u00e9es \u00e0 lepilote-restaurant.fr par la loi, notamment en mati\u00e8re de conservation ou d\u2019archivage des documents. Enfin, les Utilisateurs de lepilote-restaurant.fr peuvent d\u00e9poser une r\u00e9clamation aupr\u00e8s des autorit\u00e9s de contr\u00f4le, et notamment de la CNIL (https:\/\/www.cnil.fr\/fr\/plaintes).<\/p>\n<p>Si vous avez un compte ou si vous avez laiss\u00e9 des commentaires sur le site, vous pouvez demander \u00e0 recevoir un fichier contenant toutes les donn\u00e9es personnelles que nous poss\u00e9dons \u00e0 votre sujet, incluant celles que vous nous avez fournies. Vous pouvez \u00e9galement demander la suppression des donn\u00e9es personnelles vous concernant. Cela ne prend pas en compte les donn\u00e9es stock\u00e9es \u00e0 des fins administratives, l\u00e9gales ou pour des raisons de s\u00e9curit\u00e9.<\/p>\n<h2>Transmission de vos donn\u00e9es personnelles<\/h2>\n<p>Les commentaires\/messages des visiteurs peuvent \u00eatre v\u00e9rifi\u00e9s \u00e0 l\u2019aide d\u2019un service automatis\u00e9 de d\u00e9tection des commentaires ind\u00e9sirables.<\/p>\n<h3>Non-communication des donn\u00e9es personnelles<\/h3>\n<p>lepilote-restaurant.fr s\u2019interdit de traiter, h\u00e9berger ou de transf\u00e9rer les informations collect\u00e9es sur ses Clients vers un pays situ\u00e9 en dehors de l\u2019Union Europ\u00e9enne ou reconnu comme \u00ab non ad\u00e9quat \u00bb par la Commission europ\u00e9enne sans en informer pr\u00e9alablement le client. Pour autant, <em>EFFEGE SAS &#8211; Le Pilote<\/em> reste libre du choix de ses sous-traitants techniques et commerciaux \u00e0 la condition qu\u2019il pr\u00e9sentent les garanties suffisantes au regard des exigences du R\u00e8glement G\u00e9n\u00e9ral sur la Protection des Donn\u00e9es (RGPD : n\u00b0 2016-679).<\/p>\n<p>EFFEGE SAS &#8211; Le Pilote s\u2019engage \u00e0 prendre toutes les pr\u00e9cautions n\u00e9cessaires afin de pr\u00e9server la s\u00e9curit\u00e9 des Informations et notamment qu\u2019elles ne soient pas communiqu\u00e9es \u00e0 des personnes non autoris\u00e9es. Cependant, si un incident impactant l\u2019int\u00e9grit\u00e9 ou la confidentialit\u00e9 des Informations du Client est port\u00e9e \u00e0 la connaissance de EFFEGE SAS &#8211; Le Pilote, celle-ci devra dans les meilleurs d\u00e9lais informer le Client et lui communiquer les mesures de corrections prises.<\/p>\n<p>Par ailleurs EFFEGE SAS &#8211; Le Pilote n&rsquo;a pas vocation \u00e0 vendre ses produits et services en ligne. lepilote-restaurant.fr ne collecte aucune \u00ab\u00a0donn\u00e9es sensibles\u00a0\u00bb du type coordonn\u00e9es bancaires par exemple.<\/p>\n<p>lepilote-restaurant.fr n&rsquo;a pas non plus vocation \u00e0 \u00eatre un site communautaire ou social, les informations relatives \u00e0 ces usages (date de naissance, adresse de site web personnel ou professionnel, biographie et pr\u00e9sententation&#8230;) ne sont pas collect\u00e9es.<\/p>\n<p>Les Donn\u00e9es Personnelles de l\u2019Utilisateur peuvent \u00eatre trait\u00e9es par EFFEGE SAS &#8211; Le Pilote et des sous-traitants (prestataires de services), exclusivement afin de r\u00e9aliser les finalit\u00e9s de la pr\u00e9sente politique.<\/p>\n<p>Dans la limite de leurs attributions respectives et pour les finalit\u00e9s rappel\u00e9es ci-dessus, les principales personnes susceptibles d\u2019avoir acc\u00e8s aux donn\u00e9es des Utilisateurs de lepilote-restaurant.fr sont principalement les agents de notre service client et notre webmestre.<\/p>\n<h3>Informations de contact<\/h3>\n<p>Pour exercer votre droit de modification de fichier, adressez vous \u00e0 EFFEGE SAS &#8211; Le Pilote donc les coordonn\u00e9es figurent plus haut ou en notre page <a href=\"https:\/\/www.lepilote-restaurant.fr\/1\/acces-contacts\/#contact\">contact<\/a>.<br \/>\nToute demande de modification devra \u00eatre effectu\u00e9e par courrier accompagn\u00e9e d\u00b4une copie de pi\u00e8ce d&rsquo;identit\u00e9.<\/p>\n<h3>Comment nous prot\u00e9geons vos donn\u00e9es<\/h3>\n<p>La navigation sur notre site est s\u00e9curis\u00e9 via SLL.<br \/>\nLe site est prot\u00e9g\u00e9 derri\u00e8re un pare-feu et un dispositif de lutte contre le piratage, l&rsquo;authentification forc\u00e9e et l&rsquo;injection de code.<br \/>\nLa maintenance technique est r\u00e9guli\u00e8re afin de pr\u00e9venir les \u00e9ventuelles failles de s\u00e9curit\u00e9.<\/p>\n<h2>Notification d\u2019incident<\/h2>\n<p>Quels que soient les efforts fournis, aucune m\u00e9thode de transmission sur Internet et aucune m\u00e9thode de stockage \u00e9lectronique n&rsquo;est compl\u00e8tement s\u00fbre. Nous ne pouvons en cons\u00e9quence pas garantir une s\u00e9curit\u00e9 absolue. Si nous prenions connaissance d&rsquo;une br\u00e8che de la s\u00e9curit\u00e9, nous avertirions les utilisateurs concern\u00e9s afin qu&rsquo;ils puissent prendre les mesures appropri\u00e9es. Nos proc\u00e9dures de notification d\u2019incident tiennent compte de nos obligations l\u00e9gales, qu&rsquo;elles se situent au niveau national ou europ\u00e9en. Nous nous engageons \u00e0 informer pleinement nos clients de toutes les questions relevant de la s\u00e9curit\u00e9 de leur compte et \u00e0 leur fournir toutes les informations n\u00e9cessaires pour les aider \u00e0 respecter leurs propres obligations r\u00e9glementaires en mati\u00e8re de reporting.<\/p>\n<p>Aucune information personnelle de l&rsquo;utilisateur du site lepilote-restaurant.fr n&rsquo;est publi\u00e9e \u00e0 l&rsquo;insu de l&rsquo;utilisateur, \u00e9chang\u00e9e, transf\u00e9r\u00e9e, c\u00e9d\u00e9e ou vendue sur un support quelconque \u00e0 des tiers. Seule l&rsquo;hypoth\u00e8se du rachat de lepilote-restaurant.fr et de ses droits permettrait la transmission des dites informations \u00e0 l&rsquo;\u00e9ventuel acqu\u00e9reur qui serait \u00e0 son tour tenu de la m\u00eame obligation de conservation et de modification des donn\u00e9es vis \u00e0 vis de l&rsquo;utilisateur du site lepilote-restaurant.fr.<\/p>\n<h3>S\u00e9curit\u00e9<\/h3>\n<p>Pour assurer la s\u00e9curit\u00e9 et la confidentialit\u00e9 des Donn\u00e9es Personnelles et des Donn\u00e9es Personnelles de Sant\u00e9, lepilote-restaurant.fr utilise des r\u00e9seaux prot\u00e9g\u00e9s par des dispositifs standards tels que par pare-feu, la pseudonymisation, l\u2019encryption et mot de passe.<\/p>\n<p>Lors du traitement des Donn\u00e9es Personnelles, EFFEGE SAS &#8211; Le Pilote prend toutes les mesures raisonnables visant \u00e0 les prot\u00e9ger contre toute perte, utilisation d\u00e9tourn\u00e9e, acc\u00e8s non autoris\u00e9, divulgation, alt\u00e9ration ou destruction.<\/p>\n<\/div><\/section>\n<\/div><\/div><\/main><!-- close content main element --><\/div><\/div><div id='after_section_1'  class='main_color av_default_container_wrap container_wrap fullsize' style=' '  ><div class='container' ><div class='template-page content  av-content-full alpha units'><div class='post-entry post-entry-type-page post-entry-3'><div class='entry-content-wrapper clearfix'>\n\n","protected":false},"excerpt":{"rendered":"","protected":false},"author":1,"featured_media":0,"parent":0,"menu_order":0,"comment_status":"closed","ping_status":"open","template":"","meta":{"footnotes":""},"publishpress_future_action":{"enabled":false,"date":"2026-05-05 14:57:47","action":"change-status","newStatus":"draft","terms":[],"taxonomy":""},"publishpress_future_workflow_manual_trigger":{"enabledWorkflows":[]},"_links":{"self":[{"href":"https:\/\/www.lepilote-restaurant.fr\/1\/wp-json\/wp\/v2\/pages\/3"}],"collection":[{"href":"https:\/\/www.lepilote-restaurant.fr\/1\/wp-json\/wp\/v2\/pages"}],"about":[{"href":"https:\/\/www.lepilote-restaurant.fr\/1\/wp-json\/wp\/v2\/types\/page"}],"author":[{"embeddable":true,"href":"https:\/\/www.lepilote-restaurant.fr\/1\/wp-json\/wp\/v2\/users\/1"}],"replies":[{"embeddable":true,"href":"https:\/\/www.lepilote-restaurant.fr\/1\/wp-json\/wp\/v2\/comments?post=3"}],"version-history":[{"count":0,"href":"https:\/\/www.lepilote-restaurant.fr\/1\/wp-json\/wp\/v2\/pages\/3\/revisions"}],"wp:attachment":[{"href":"https:\/\/www.lepilote-restaurant.fr\/1\/wp-json\/wp\/v2\/media?parent=3"}],"curies":[{"name":"wp","href":"https:\/\/api.w.org\/{rel}","templated":true}]}}